{"id":7,"date":"2025-09-17T16:33:15","date_gmt":"2025-09-17T16:33:15","guid":{"rendered":"https:\/\/progresso.site\/lucrocheckout\/?page_id=7"},"modified":"2026-01-23T07:04:38","modified_gmt":"2026-01-23T07:04:38","slug":"checkout","status":"publish","type":"page","link":"https:\/\/progresso.site\/lucrocheckout\/","title":{"rendered":"Checkout &#8211; Antigo"},"content":{"rendered":"\t\t<div data-elementor-type=\"wp-page\" data-elementor-id=\"7\" class=\"elementor elementor-7\">\n\t\t\t\t<div class=\"elementor-element elementor-element-41dbaac3 e-flex e-con-boxed jltma-glass-effect-no e-con e-parent\" data-id=\"41dbaac3\" data-element_type=\"container\" data-e-type=\"container\" data-settings=\"{&quot;background_background&quot;:&quot;gradient&quot;}\">\n\t\t\t\t\t<div class=\"e-con-inner\">\n\t\t\t\t<div class=\"elementor-element elementor-element-731c603f jltma-glass-effect-no elementor-widget elementor-widget-heading\" data-id=\"731c603f\" data-element_type=\"widget\" data-e-type=\"widget\" data-widget_type=\"heading.default\">\n\t\t\t\t\t<h2 class=\"elementor-heading-title elementor-size-default\">ESSA OFERTA EXPIRA EM:<\/h2>\t\t\t\t<\/div>\n\t\t\t\t<div class=\"elementor-element elementor-element-1c5f00ee jltma-glass-effect-no elementor-widget elementor-widget-eael-countdown\" data-id=\"1c5f00ee\" data-element_type=\"widget\" data-e-type=\"widget\" data-widget_type=\"eael-countdown.default\">\n\t\t\t\t\t\n\t\t<div class=\"eael-countdown-wrapper\" data-countdown-id=\"1c5f00ee\" data-expire-type=\"text\" data-countdown-type=\"evergreen\" data-evergreen-time=\"1200\" data-expiry-text=\"&lt;p&gt;&lt;strong&gt;Finalize seu pagamento!&lt;\/strong&gt;&lt;\/p&gt;\">\n\t\t\t<div class=\"eael-countdown-container eael-countdown-label-block  eael-countdown-label-inline-mobile \">\n                                    <ul id=\"eael-countdown-1c5f00ee\" class=\"eael-countdown-items\" data-date=\"Jan 01 1970 0:00:00 +0\">\n                                                                        <li class=\"eael-countdown-item\"><div class=\"eael-countdown-minutes\"><span data-minutes class=\"eael-countdown-digits\">00<\/span><span class=\"eael-countdown-label\">Min<\/span><\/div><\/li>                        <li class=\"eael-countdown-item\"><div class=\"eael-countdown-seconds\"><span data-seconds class=\"eael-countdown-digits\">00<\/span><span class=\"eael-countdown-label\">Seg<\/span><\/div><\/li>                    <\/ul>\n                    <div class=\"eael-countdown-expiry-template\" style=\"display: none;\">\n                                            <\/div>\n               \n\t\t\t    <div class=\"clearfix\"><\/div>\n\t\t\t<\/div>\n\t\t<\/div>\n\n\t\t\t\t\t<\/div>\n\t\t\t\t\t<\/div>\n\t\t\t\t<\/div>\n\t\t<div class=\"elementor-element elementor-element-5fe7ac72 e-flex e-con-boxed jltma-glass-effect-no e-con e-parent\" data-id=\"5fe7ac72\" data-element_type=\"container\" data-e-type=\"container\" data-settings=\"{&quot;background_background&quot;:&quot;gradient&quot;}\">\n\t\t\t\t\t<div class=\"e-con-inner\">\n\t\t\t\t<div class=\"elementor-element elementor-element-995f615 jltma-glass-effect-no elementor-widget elementor-widget-html\" data-id=\"995f615\" data-element_type=\"widget\" data-e-type=\"widget\" data-widget_type=\"html.default\">\n\t\t\t\t\t<!-- Meta Pixel Code -->\n<script>\n!function(f,b,e,v,n,t,s)\n{if(f.fbq)return;n=f.fbq=function(){n.callMethod?\nn.callMethod.apply(n,arguments):n.queue.push(arguments)};\nif(!f._fbq)f._fbq=n;n.push=n;n.loaded=!0;n.version='2.0';\nn.queue=[];t=b.createElement(e);t.async=!0;\nt.src=v;s=b.getElementsByTagName(e)[0];\ns.parentNode.insertBefore(t,s)}(window, document,'script',\n'https:\/\/connect.facebook.net\/en_US\/fbevents.js');\nfbq('init', '1972356150185494');\nfbq('track', 'PageView');\nfbq('track', 'InitiateCheckout');\n<\/script>\n<noscript><img height=\"1\" width=\"1\" style=\"display:none\"\nsrc=\"https:\/\/www.facebook.com\/tr?id=1972356150185494&ev=PageView&noscript=1\"\n\/><\/noscript>\n<!-- End Meta Pixel Code -->\t\t\t\t<\/div>\n\t\t\t\t<div class=\"elementor-element elementor-element-3ef8747d elementor-widget-mobile__width-initial jltma-glass-effect-no elementor-widget elementor-widget-image\" data-id=\"3ef8747d\" data-element_type=\"widget\" data-e-type=\"widget\" data-widget_type=\"image.default\">\n\t\t\t\t\t\t\t\t\t\t\t\t\t\t\t<img fetchpriority=\"high\" decoding=\"async\" width=\"1024\" height=\"576\" src=\"https:\/\/progresso.site\/lucrocheckout\/wp-content\/uploads\/2025\/09\/Finalize-seu-cadastro-26-1024x576.png\" class=\"attachment-large size-large wp-image-19\" alt=\"\" srcset=\"https:\/\/progresso.site\/lucrocheckout\/wp-content\/uploads\/2025\/09\/Finalize-seu-cadastro-26-1024x576.png 1024w, https:\/\/progresso.site\/lucrocheckout\/wp-content\/uploads\/2025\/09\/Finalize-seu-cadastro-26-300x169.png 300w, https:\/\/progresso.site\/lucrocheckout\/wp-content\/uploads\/2025\/09\/Finalize-seu-cadastro-26-768x432.png 768w, https:\/\/progresso.site\/lucrocheckout\/wp-content\/uploads\/2025\/09\/Finalize-seu-cadastro-26.png 1280w\" sizes=\"(max-width: 1024px) 100vw, 1024px\" \/>\t\t\t\t\t\t\t\t\t\t\t\t\t\t\t<\/div>\n\t\t\t\t\t<\/div>\n\t\t\t\t<\/div>\n\t\t<div class=\"elementor-element elementor-element-5eba7fc9 e-flex e-con-boxed jltma-glass-effect-no e-con e-parent\" data-id=\"5eba7fc9\" data-element_type=\"container\" data-e-type=\"container\">\n\t\t\t\t\t<div class=\"e-con-inner\">\n\t\t\t\t<div class=\"elementor-element elementor-element-699fe40a jltma-glass-effect-no elementor-widget elementor-widget-html\" data-id=\"699fe40a\" data-element_type=\"widget\" data-e-type=\"widget\" data-widget_type=\"html.default\">\n\t\t\t\t\t<embed src=\"https:\/\/progresso.site\/lucrocheckout\/check-01\/\" style=\"width:500px; height: 850px;\">\t\t\t\t<\/div>\n\t\t\t\t<div class=\"elementor-element elementor-element-420358e jltma-glass-effect-no elementor-widget elementor-widget-image\" data-id=\"420358e\" data-element_type=\"widget\" data-e-type=\"widget\" data-widget_type=\"image.default\">\n\t\t\t\t\t\t\t\t\t\t\t\t\t\t\t<img decoding=\"async\" width=\"1024\" height=\"576\" src=\"https:\/\/progresso.site\/lucrocheckout\/wp-content\/uploads\/2025\/09\/Finalize-seu-cadastro-27-1024x576.png\" class=\"attachment-large size-large wp-image-20\" alt=\"\" srcset=\"https:\/\/progresso.site\/lucrocheckout\/wp-content\/uploads\/2025\/09\/Finalize-seu-cadastro-27-1024x576.png 1024w, https:\/\/progresso.site\/lucrocheckout\/wp-content\/uploads\/2025\/09\/Finalize-seu-cadastro-27-300x169.png 300w, https:\/\/progresso.site\/lucrocheckout\/wp-content\/uploads\/2025\/09\/Finalize-seu-cadastro-27-768x432.png 768w, https:\/\/progresso.site\/lucrocheckout\/wp-content\/uploads\/2025\/09\/Finalize-seu-cadastro-27.png 1280w\" sizes=\"(max-width: 1024px) 100vw, 1024px\" \/>\t\t\t\t\t\t\t\t\t\t\t\t\t\t\t<\/div>\n\t\t\t\t<div class=\"elementor-element elementor-element-29ba2d4f elementor-position-top jltma-glass-effect-no elementor-widget elementor-widget-image-box\" data-id=\"29ba2d4f\" data-element_type=\"widget\" data-e-type=\"widget\" data-widget_type=\"image-box.default\">\n\t\t\t\t\t<div class=\"elementor-image-box-wrapper\"><figure class=\"elementor-image-box-img\"><img loading=\"lazy\" decoding=\"async\" width=\"1658\" height=\"1661\" src=\"https:\/\/progresso.site\/lucrocheckout\/wp-content\/uploads\/2025\/09\/SEU-VIDEO-JA-COMECOU-9-1.png\" class=\"attachment-full size-full wp-image-28\" alt=\"\" srcset=\"https:\/\/progresso.site\/lucrocheckout\/wp-content\/uploads\/2025\/09\/SEU-VIDEO-JA-COMECOU-9-1.png 1658w, https:\/\/progresso.site\/lucrocheckout\/wp-content\/uploads\/2025\/09\/SEU-VIDEO-JA-COMECOU-9-1-300x300.png 300w, https:\/\/progresso.site\/lucrocheckout\/wp-content\/uploads\/2025\/09\/SEU-VIDEO-JA-COMECOU-9-1-1022x1024.png 1022w, https:\/\/progresso.site\/lucrocheckout\/wp-content\/uploads\/2025\/09\/SEU-VIDEO-JA-COMECOU-9-1-150x150.png 150w, https:\/\/progresso.site\/lucrocheckout\/wp-content\/uploads\/2025\/09\/SEU-VIDEO-JA-COMECOU-9-1-768x769.png 768w, https:\/\/progresso.site\/lucrocheckout\/wp-content\/uploads\/2025\/09\/SEU-VIDEO-JA-COMECOU-9-1-1533x1536.png 1533w\" sizes=\"(max-width: 1658px) 100vw, 1658px\" \/><\/figure><div class=\"elementor-image-box-content\"><h3 class=\"elementor-image-box-title\">Josu\u00e9 Quintas<\/h3><p class=\"elementor-image-box-description\">\"Deu certo \ud83d\udc4d! Assim que fiz o pagamento, recebi total suporte e orienta\u00e7\u00e3o do Caio. No in\u00edcio, confesso que tive medo de ser burla. Mas agora estou amando! As aulas s\u00e3o super f\u00e1ceis e did\u00e1ticas, j\u00e1 estou tendo meus primeiros resultados, super recomendo<\/p><\/div><\/div>\t\t\t\t<\/div>\n\t\t\t\t<div class=\"elementor-element elementor-element-2f4e8adf elementor-position-top jltma-glass-effect-no elementor-widget elementor-widget-image-box\" data-id=\"2f4e8adf\" data-element_type=\"widget\" data-e-type=\"widget\" data-widget_type=\"image-box.default\">\n\t\t\t\t\t<div class=\"elementor-image-box-wrapper\"><figure class=\"elementor-image-box-img\"><img loading=\"lazy\" decoding=\"async\" width=\"1664\" height=\"1647\" src=\"https:\/\/progresso.site\/lucrocheckout\/wp-content\/uploads\/2025\/09\/SEU-VIDEO-JA-COMECOU-2-1.png\" class=\"attachment-full size-full wp-image-13\" alt=\"\" srcset=\"https:\/\/progresso.site\/lucrocheckout\/wp-content\/uploads\/2025\/09\/SEU-VIDEO-JA-COMECOU-2-1.png 1664w, https:\/\/progresso.site\/lucrocheckout\/wp-content\/uploads\/2025\/09\/SEU-VIDEO-JA-COMECOU-2-1-300x297.png 300w, https:\/\/progresso.site\/lucrocheckout\/wp-content\/uploads\/2025\/09\/SEU-VIDEO-JA-COMECOU-2-1-1024x1014.png 1024w, https:\/\/progresso.site\/lucrocheckout\/wp-content\/uploads\/2025\/09\/SEU-VIDEO-JA-COMECOU-2-1-768x760.png 768w, https:\/\/progresso.site\/lucrocheckout\/wp-content\/uploads\/2025\/09\/SEU-VIDEO-JA-COMECOU-2-1-1536x1520.png 1536w\" sizes=\"(max-width: 1664px) 100vw, 1664px\" \/><\/figure><div class=\"elementor-image-box-content\"><h3 class=\"elementor-image-box-title\">Carlos Sebasti\u00e3o<\/h3><p class=\"elementor-image-box-description\">\"Simplesmente maravilhoso! Os 10.000KZ mais bem gastos da minha vida. Em apenas 2 semanas seguindo esse m\u00e9todo, consegui fazer meus primeiros 220 euros na internet, mesmo sem ter um cart\u00e3o VISA\"<\/p><\/div><\/div>\t\t\t\t<\/div>\n\t\t\t\t\t<\/div>\n\t\t\t\t<\/div>\n\t\t<div class=\"elementor-element elementor-element-42fa01fd e-flex e-con-boxed jltma-glass-effect-no e-con e-parent\" data-id=\"42fa01fd\" data-element_type=\"container\" data-e-type=\"container\">\n\t\t\t\t\t<div class=\"e-con-inner\">\n\t\t\t\t<div class=\"elementor-element elementor-element-1ce4206f elementor-widget-mobile__width-initial elementor-widget__width-initial jltma-glass-effect-no elementor-widget elementor-widget-image\" data-id=\"1ce4206f\" data-element_type=\"widget\" data-e-type=\"widget\" data-widget_type=\"image.default\">\n\t\t\t\t\t\t\t\t\t\t\t\t\t\t\t<img loading=\"lazy\" decoding=\"async\" width=\"543\" height=\"447\" src=\"https:\/\/progresso.site\/lucrocheckout\/wp-content\/uploads\/2025\/09\/000.png\" class=\"attachment-large size-large wp-image-14\" alt=\"\" srcset=\"https:\/\/progresso.site\/lucrocheckout\/wp-content\/uploads\/2025\/09\/000.png 543w, https:\/\/progresso.site\/lucrocheckout\/wp-content\/uploads\/2025\/09\/000-300x247.png 300w\" sizes=\"(max-width: 543px) 100vw, 543px\" \/>\t\t\t\t\t\t\t\t\t\t\t\t\t\t\t<\/div>\n\t\t\t\t<div class=\"elementor-element elementor-element-550a551f jltma-glass-effect-no elementor-widget elementor-widget-html\" data-id=\"550a551f\" data-element_type=\"widget\" data-e-type=\"widget\" data-widget_type=\"html.default\">\n\t\t\t\t\t<!DOCTYPE html>\n<html lang=\"pt-BR\">\n<head>\n    <meta charset=\"UTF-8\">\n    <meta name=\"viewport\" content=\"width=device-width, initial-scale=1.0\">\n    <title>Notifica\u00e7\u00f5es de Compras<\/title>\n    <script src=\"https:\/\/cdn.jsdelivr.net\/npm\/notiflix@2.6.0\/dist\/notiflix-aio-2.6.0.min.js\"><\/script>\n<\/head>\n<body>\n    <script>\n        \/\/ Configura\u00e7\u00f5es da notifica\u00e7\u00e3o\n        var position = \"left-bottom\"; \/\/ Posi\u00e7\u00e3o da notifica\u00e7\u00e3o\n        var color = \"verde\"; \/\/ Cor da notifica\u00e7\u00e3o\n        var animation = \"from-left\"; \/\/ Anima\u00e7\u00e3o da notifica\u00e7\u00e3o\n        var product_name = \"\"; \/\/ Nome do produto\n        var phrase = \"acabou de comprar\"; \/\/ Frase ap\u00f3s o nome da pessoa\n        var timeout = 4000; \/\/ Dura\u00e7\u00e3o da notifica\u00e7\u00e3o\n        var type_name = \"masc\"; \/\/ Tipo de nome (apenas masculino)\n        var msg_final = \"\";\n\n        \/\/ Lista de nomes masculinos\n        var names_masc = [\n            'Jo\u00e3o', 'Jos\u00e9', 'Antonio', 'Francisco', 'Carlos', 'Paulo', 'Pedro',\n            'Lucas', 'Marcos', 'Luiz', 'Gabriel', 'Rafael', 'Daniel', 'Bruno',\n            'Felipe', 'Gustavo', 'Andr\u00e9', 'Fernando', 'Diego', 'Rodrigo', 'Thiago',\n            'Eduardo', 'Leonardo', 'Vinicius', 'Matheus', 'Ricardo', 'Roberto',\n            'Alexandre', 'Renato', 'Marcelo'\n        ];\n\n        var option = {\n            position: position,\n            cssAnimationStyle: animation,\n            plainText: false,\n            timeout: timeout\n        };\n\n        function show_notification() {\n            \/\/ Seleciona um nome masculino aleat\u00f3rio\n            msg_final = \"<strong>\" + names_masc[Math.floor(Math.random() * names_masc.length)] + \"<\/strong>\";\n            msg_final += decodeURIComponent(escape(\" \" + phrase + \" \" + product_name));\n\n            \/\/ Exibe a notifica\u00e7\u00e3o de acordo com a cor especificada\n            if (color == \"verde\") {\n                Notiflix.Notify.Success(msg_final, option);\n            }\n\n            if (color == \"azul\") {\n                Notiflix.Notify.Info(msg_final, option);\n            }\n\n            if (color == \"vermelho\") {\n                Notiflix.Notify.Failure(msg_final, option);\n            }\n\n            if (color == \"amarelo\") {\n                Notiflix.Notify.Warning(msg_final, option);\n            }\n\n            \/\/ Define o intervalo de 40 segundos para a pr\u00f3xima notifica\u00e7\u00e3o\n            setTimeout(show_notification, 40000);\n        }\n\n        \/\/ Primeira notifica\u00e7\u00e3o ap\u00f3s 40 segundos\n        setTimeout(show_notification, 40000);\n    <\/script>\n<\/body>\n<\/html>\n\t\t\t\t<\/div>\n\t\t\t\t\t<\/div>\n\t\t\t\t<\/div>\n\t\t\t\t<\/div>\n\t\t","protected":false},"excerpt":{"rendered":"<p>ESSA OFERTA EXPIRA EM: 00Min 00Seg Josu\u00e9 Quintas &#8220;Deu certo \ud83d\udc4d! Assim que fiz o pagamento, recebi total suporte e orienta\u00e7\u00e3o do Caio. No in\u00edcio, confesso que tive medo de ser burla. Mas agora estou amando! As aulas s\u00e3o super f\u00e1ceis e did\u00e1ticas, j\u00e1 estou tendo meus primeiros resultados, super recomendo Carlos Sebasti\u00e3o &#8220;Simplesmente maravilhoso! [&hellip;]<\/p>\n","protected":false},"author":1,"featured_media":0,"parent":0,"menu_order":0,"comment_status":"closed","ping_status":"closed","template":"elementor_canvas","meta":{"footnotes":""},"class_list":["post-7","page","type-page","status-publish","hentry"],"_hostinger_reach_plugin_has_subscription_block":false,"_hostinger_reach_plugin_is_elementor":false,"_links":{"self":[{"href":"https:\/\/progresso.site\/lucrocheckout\/wp-json\/wp\/v2\/pages\/7","targetHints":{"allow":["GET"]}}],"collection":[{"href":"https:\/\/progresso.site\/lucrocheckout\/wp-json\/wp\/v2\/pages"}],"about":[{"href":"https:\/\/progresso.site\/lucrocheckout\/wp-json\/wp\/v2\/types\/page"}],"author":[{"embeddable":true,"href":"https:\/\/progresso.site\/lucrocheckout\/wp-json\/wp\/v2\/users\/1"}],"replies":[{"embeddable":true,"href":"https:\/\/progresso.site\/lucrocheckout\/wp-json\/wp\/v2\/comments?post=7"}],"version-history":[{"count":47,"href":"https:\/\/progresso.site\/lucrocheckout\/wp-json\/wp\/v2\/pages\/7\/revisions"}],"predecessor-version":[{"id":197,"href":"https:\/\/progresso.site\/lucrocheckout\/wp-json\/wp\/v2\/pages\/7\/revisions\/197"}],"wp:attachment":[{"href":"https:\/\/progresso.site\/lucrocheckout\/wp-json\/wp\/v2\/media?parent=7"}],"curies":[{"name":"wp","href":"https:\/\/api.w.org\/{rel}","templated":true}]}}