{"id":207,"date":"2025-09-21T20:41:24","date_gmt":"2025-09-21T20:41:24","guid":{"rendered":"https:\/\/progresso.site\/lucrocheckout\/?page_id=207"},"modified":"2026-01-23T07:04:13","modified_gmt":"2026-01-23T07:04:13","slug":"check-01-2","status":"publish","type":"page","link":"https:\/\/progresso.site\/lucrocheckout\/check-01-2\/","title":{"rendered":"Check 02"},"content":{"rendered":"\t\t<div data-elementor-type=\"wp-page\" data-elementor-id=\"207\" class=\"elementor elementor-207\">\n\t\t\t\t<div class=\"elementor-element elementor-element-292aee58 e-flex e-con-boxed jltma-glass-effect-no e-con e-parent\" data-id=\"292aee58\" data-element_type=\"container\" data-e-type=\"container\" data-settings=\"{&quot;background_background&quot;:&quot;gradient&quot;}\">\n\t\t\t\t\t<div class=\"e-con-inner\">\n\t\t\t\t<div class=\"elementor-element elementor-element-6ed13ed5 jltma-glass-effect-no elementor-widget elementor-widget-heading\" data-id=\"6ed13ed5\" data-element_type=\"widget\" data-e-type=\"widget\" data-widget_type=\"heading.default\">\n\t\t\t\t\t<h2 class=\"elementor-heading-title elementor-size-default\">ESSA OFERTA EXPIRA EM:<\/h2>\t\t\t\t<\/div>\n\t\t\t\t<div class=\"elementor-element elementor-element-6e90bdf4 jltma-glass-effect-no elementor-widget elementor-widget-eael-countdown\" data-id=\"6e90bdf4\" data-element_type=\"widget\" data-e-type=\"widget\" data-widget_type=\"eael-countdown.default\">\n\t\t\t\t\t\n\t\t<div class=\"eael-countdown-wrapper\" data-countdown-id=\"6e90bdf4\" data-expire-type=\"text\" data-countdown-type=\"evergreen\" data-evergreen-time=\"1200\" data-expiry-text=\"&lt;p&gt;&lt;strong&gt;Finalize seu pagamento!&lt;\/strong&gt;&lt;\/p&gt;\">\n\t\t\t<div class=\"eael-countdown-container eael-countdown-label-block  eael-countdown-label-inline-mobile \">\n                                    <ul id=\"eael-countdown-6e90bdf4\" class=\"eael-countdown-items\" data-date=\"Jan 01 1970 0:00:00 +0\">\n                                                                        <li class=\"eael-countdown-item\"><div class=\"eael-countdown-minutes\"><span data-minutes class=\"eael-countdown-digits\">00<\/span><span class=\"eael-countdown-label\">Min<\/span><\/div><\/li>                        <li class=\"eael-countdown-item\"><div class=\"eael-countdown-seconds\"><span data-seconds class=\"eael-countdown-digits\">00<\/span><span class=\"eael-countdown-label\">Seg<\/span><\/div><\/li>                    <\/ul>\n                    <div class=\"eael-countdown-expiry-template\" style=\"display: none;\">\n                                            <\/div>\n               \n\t\t\t    <div class=\"clearfix\"><\/div>\n\t\t\t<\/div>\n\t\t<\/div>\n\n\t\t\t\t\t<\/div>\n\t\t\t\t\t<\/div>\n\t\t\t\t<\/div>\n\t\t<div class=\"elementor-element elementor-element-0beca1f e-flex e-con-boxed jltma-glass-effect-no e-con e-parent\" data-id=\"0beca1f\" data-element_type=\"container\" data-e-type=\"container\" data-settings=\"{&quot;background_background&quot;:&quot;gradient&quot;}\">\n\t\t\t\t\t<div class=\"e-con-inner\">\n\t\t\t\t<div class=\"elementor-element elementor-element-3d1d895 jltma-glass-effect-no elementor-widget elementor-widget-html\" data-id=\"3d1d895\" data-element_type=\"widget\" data-e-type=\"widget\" data-widget_type=\"html.default\">\n\t\t\t\t\t<!-- Meta Pixel Code -->\n<script>\n!function(f,b,e,v,n,t,s)\n{if(f.fbq)return;n=f.fbq=function(){n.callMethod?\nn.callMethod.apply(n,arguments):n.queue.push(arguments)};\nif(!f._fbq)f._fbq=n;n.push=n;n.loaded=!0;n.version='2.0';\nn.queue=[];t=b.createElement(e);t.async=!0;\nt.src=v;s=b.getElementsByTagName(e)[0];\ns.parentNode.insertBefore(t,s)}(window, document,'script',\n'https:\/\/connect.facebook.net\/en_US\/fbevents.js');\nfbq('init', '2000141000808711');\nfbq('track', 'PageView');\nfbq('track', 'InitiateCheckout');\n<\/script>\n<noscript><img height=\"1\" width=\"1\" style=\"display:none\"\nsrc=\"https:\/\/www.facebook.com\/tr?id=2000141000808711&ev=PageView&noscript=1\"\n\/><\/noscript>\n<!-- End Meta Pixel Code -->\t\t\t\t<\/div>\n\t\t\t\t<div class=\"elementor-element elementor-element-7bfb2c6 jltma-glass-effect-no elementor-widget elementor-widget-heading\" data-id=\"7bfb2c6\" data-element_type=\"widget\" data-e-type=\"widget\" data-widget_type=\"heading.default\">\n\t\t\t\t\t<h2 class=\"elementor-heading-title elementor-size-default\">COMO EFETUAR O PAGAMENTO?<\/h2>\t\t\t\t<\/div>\n\t\t\t\t<div class=\"elementor-element elementor-element-b84fa4e elementor-widget-mobile__width-inherit jltma-glass-effect-no elementor-widget elementor-widget-html\" data-id=\"b84fa4e\" data-element_type=\"widget\" data-e-type=\"widget\" data-widget_type=\"html.default\">\n\t\t\t\t\t<vturb-smartplayer id=\"vid-68cc85e3c9c4c158bda5299e\" style=\"display: block; margin: 0 auto; width: 100%; max-width: 400px;\"><\/vturb-smartplayer> <script type=\"text\/javascript\"> var s=document.createElement(\"script\"); s.src=\"https:\/\/scripts.converteai.net\/77f7f12d-5e90-456d-b45e-7c7f2aa34ed0\/players\/68cc85e3c9c4c158bda5299e\/v4\/player.js\", s.async=!0,document.head.appendChild(s); <\/script>\t\t\t\t<\/div>\n\t\t\t\t<div class=\"elementor-element elementor-element-f8f0a83 jltma-glass-effect-no elementor-widget elementor-widget-heading\" data-id=\"f8f0a83\" data-element_type=\"widget\" data-e-type=\"widget\" data-widget_type=\"heading.default\">\n\t\t\t\t\t<h2 class=\"elementor-heading-title elementor-size-default\">EFETUE O PAGAMENTO<\/h2>\t\t\t\t<\/div>\n\t\t\t\t<div class=\"elementor-element elementor-element-baded48 jltma-glass-effect-no elementor-widget elementor-widget-html\" data-id=\"baded48\" data-element_type=\"widget\" data-e-type=\"widget\" data-widget_type=\"html.default\">\n\t\t\t\t\t<!doctype html>\n<html lang=\"pt-PT\">\n<head>\n  <meta charset=\"utf-8\" \/>\n  <meta name=\"viewport\" content=\"width=device-width,initial-scale=1\" \/>\n  <title>M\u00e9todo Lucro em D\u00f3lar \u2014 Finalizar Compra<\/title>\n  <style>\n    :root{\n      --green:#0ea85b;--muted:#6b7280;--card:#ffffff;--bg:#f7faf9;--accent:#6b21a8;--pill:#fff3f2\n    }\n    *{box-sizing:border-box}\n    body{\n      font-family:Inter, system-ui, -apple-system, 'Segoe UI', Roboto, 'Helvetica Neue', Arial;\n      margin:0;background:var(--bg);color:#0f172a\n    }\n    .container{max-width:420px;margin:28px auto;padding:0 16px}\n\n    \/* Faixa Compra Segura *\/\n    .secure-bar{\n      background:#16a34a;\n      color:#fff;\n      text-align:center;\n      font-weight:700;\n      font-size:16px;\n      padding:14px;\n      display:flex;\n      align-items:center;\n      justify-content:center;\n      gap:10px;\n    }\n    .secure-bar svg{\n      width:20px;height:20px;flex-shrink:0;\n    }\n    .secure-bar strong{\n      font-size:18px;\n    }\n\n    \/* Card *\/\n    .card{\n      background:var(--card);\n      border-radius:12px;\n      padding:16px;\n      margin-top:16px;\n      box-shadow:0 6px 18px rgba(15,23,42,0.06)\n    }\n    .product{display:flex;gap:12px}\n    .thumb{width:64px;height:64px;border-radius:10px;background:linear-gradient(180deg,#eef2ff,#f8fafc);display:flex;align-items:center;justify-content:center;overflow:hidden}\n    .thumb img{width:100%;height:100%;object-fit:cover}\n    .prod-title{font-weight:700;margin:0;font-size:16px}\n    .support{color:var(--muted);font-size:13px;margin-top:4px}\n\n    .price-row{display:flex;align-items:center;gap:12px;margin-top:12px}\n    .old-price{color:var(--muted);text-decoration:line-through;font-size:14px}\n    .price{font-weight:800;color:#6b21a8;font-size:20px}\n    .discount{background:#ffefef;color:#b91c1c;padding:4px 8px;border-radius:14px;font-weight:700;font-size:12px}\n\n    \/* Form *\/\n    form .section{margin-top:16px}\n    h3{margin:0 0 8px 0;font-size:16px}\n    p.sub{color:var(--muted);margin:0 0 8px 0;font-size:13px}\n    label{display:block;font-size:13px;margin-bottom:6px;color:#111827}\n    input[type=text],input[type=email]{width:100%;padding:12px;border-radius:10px;border:1px solid #e6e9ee;background:#fff;font-size:14px}\n\n    .payment{border:1px solid #e7e3f7;padding:12px;border-radius:10px}\n    .radio-row{display:flex;align-items:center;gap:20px}\n    .radio{width:27px;height:25px;border-radius:6px;background:#fff;border:2px solid #6b21a8;display:flex;align-items:center;justify-content:center;color:#6b21a8;font-weight:700}\n\n    \/* Summary *\/\n    .summary{margin-top:16px;background:#fff;padding:14px;border-radius:12px;border:1px solid #eef2f1}\n    .summary .line{display:flex;justify-content:space-between;align-items:center;margin-bottom:8px}\n    .total{display:flex;justify-content:space-between;align-items:center;font-weight:800;font-size:18px;margin-top:8px}\n\n    .btn{margin-top:14px;background:var(--green);color:#fff;padding:12px;border-radius:12px;border:0;font-weight:700;width:100%;font-size:16px;cursor:pointer}\n\n    footer{font-size:12px;color:var(--muted);text-align:center;margin:14px 0}\n  <\/style>\n<\/head>\n<body>\n  <!-- Faixa Compra Segura -->\n  <div class=\"secure-bar\">\n    <svg xmlns=\"http:\/\/www.w3.org\/2000\/svg\" fill=\"none\" viewBox=\"0 0 24 24\" stroke=\"currentColor\">\n      <path stroke-linecap=\"round\" stroke-linejoin=\"round\" stroke-width=\"2\" d=\"M12 11c.873 0 1.58-.707 1.58-1.58V6.58A1.58 1.58 0 0012 5c-.873 0-1.58.707-1.58 1.58v2.84C10.42 10.293 11.127 11 12 11z\" \/>\n      <path stroke-linecap=\"round\" stroke-linejoin=\"round\" stroke-width=\"2\" d=\"M5.25 9h13.5a.75.75 0 01.75.75v9A2.25 2.25 0 0117.25 21h-10.5A2.25 2.25 0 014.5 18.75v-9a.75.75 0 01.75-.75z\" \/>\n    <\/svg>\n    COMPRA <strong>100%<\/strong> SEGURA\n  <\/div>\n\n  <div class=\"container\">\n    <div class=\"card\" aria-labelledby=\"produto\">\n      <div class=\"product\">\n        <div class=\"thumb\" aria-hidden>\n          <img decoding=\"async\" src=\"https:\/\/i.postimg.cc\/CMWNzm8N\/capa-5.png\">\n        <\/div>\n        <div>\n          <p id=\"produto\" class=\"prod-title\">M\u00c9TODO LUCRO EM D\u00d3LAR<\/p>\n          <div class=\"price-row\">\n            <div class=\"old-price\">80 000 Kz<\/div>\n            <div class=\"price\">10 000 Kz<\/div>\n            <div class=\"discount\">-70%<\/div>\n          <\/div>\n        <\/div>\n      <\/div>\n\n      <form id=\"checkoutForm\" novalidate>\n        <div class=\"section\">\n          <h3>Informa\u00e7\u00f5es de Contacto<\/h3>\n          <p class=\"sub\">Preencha os seus dados para finalizar a compra<\/p>\n\n          <!-- Nome -->\n          <label for=\"nome\">Nome Completo *<\/label>\n          <input id=\"nome\" name=\"nome\" type=\"text\" placeholder=\"O seu nome completo\" required>\n\n          <!-- Email -->\n          <label for=\"email\" style=\"margin-top:10px\">Email *<\/label>\n          <input id=\"email\" name=\"email\" type=\"email\" placeholder=\"O seu email\" required>\n\n          <!-- Telefone -->\n          <label for=\"telefone\" style=\"margin-top:10px\">N\u00famero de Telefone *<\/label>\n          <input id=\"telefone\" name=\"telefone\" type=\"text\" placeholder=\"+244 900 000 000\" required>\n        <\/div>\n\n        <div class=\"section\">\n          <h3>M\u00e9todo de Pagamento<\/h3>\n          <div class=\"payment\">\n            <label class=\"radio-row\" for=\"ref\">\n              <div class=\"radio\">REF<\/div>\n              <div style=\"flex:1\">\n                <div style=\"font-weight:700\">Refer\u00eancia Banc\u00e1ria<\/div>\n              <\/div>\n            <\/label>\n          <\/div>\n        <\/div>\n\n        <div class=\"section summary\">\n          <div style=\"font-weight:700;margin-bottom:8px\">Resumo do Pedido<\/div>\n          <div class=\"line\"><div>M\u00e9todo Lucro em D\u00f3lar<\/div><div style=\"font-weight:800\">10 000 Kz<\/div><\/div>\n          <div style=\"font-size:13px;color:#059669;margin-bottom:6px\">\ud83c\udf89 Voc\u00ea est\u00e1 a poupar 70 000 Kz (80%)<\/div>\n          <div class=\"total\"><div>Total<\/div><div>10 000 Kz<\/div><\/div>\n          <div style=\"text-align:center; margin-top:14px;\">\n            <a href=\"https:\/\/progresso.site\/lucrocheckout\/check-02\/\" \n               style=\"display:block; width:100%; max-width:420px; margin:0 auto; \n                      background:#0ea85b; color:#fff; text-decoration:none; \n                      padding:12px; border-radius:12px; font-weight:700; \n                      font-size:16px; text-align:center;\">\n              \ud83d\udd12 Finalizar Compra\n            <\/a>\n          <\/div>\n        <\/div>\n\n        <footer>Ao finalizar a compra, voc\u00ea concorda com os nossos <a href=\"#\" style=\"color:var(--accent);text-decoration:none\">Termos<\/a> e <a href=\"#\" style=\"color:var(--accent);text-decoration:none\">Pol\u00edtica de Privacidade<\/a>.<\/footer>\n      <\/form>\n    <\/div>\n  <\/div>\n<\/body>\n<\/html>\n\t\t\t\t<\/div>\n\t\t\t\t\t<\/div>\n\t\t\t\t<\/div>\n\t\t\t\t<\/div>\n\t\t","protected":false},"excerpt":{"rendered":"<p>ESSA OFERTA EXPIRA EM: 00Min 00Seg COMO EFETUAR O PAGAMENTO? EFETUE O PAGAMENTO M\u00e9todo Lucro em D\u00f3lar \u2014 Finalizar Compra COMPRA 100% SEGURA M\u00c9TODO LUCRO EM D\u00d3LAR 80 000 Kz 10 000 Kz -70% Informa\u00e7\u00f5es de Contacto Preencha os seus dados para finalizar a compra Nome Completo * Email * N\u00famero de Telefone * M\u00e9todo [&hellip;]<\/p>\n","protected":false},"author":1,"featured_media":0,"parent":0,"menu_order":0,"comment_status":"closed","ping_status":"closed","template":"elementor_canvas","meta":{"footnotes":""},"class_list":["post-207","page","type-page","status-publish","hentry"],"_hostinger_reach_plugin_has_subscription_block":false,"_hostinger_reach_plugin_is_elementor":false,"_links":{"self":[{"href":"https:\/\/progresso.site\/lucrocheckout\/wp-json\/wp\/v2\/pages\/207","targetHints":{"allow":["GET"]}}],"collection":[{"href":"https:\/\/progresso.site\/lucrocheckout\/wp-json\/wp\/v2\/pages"}],"about":[{"href":"https:\/\/progresso.site\/lucrocheckout\/wp-json\/wp\/v2\/types\/page"}],"author":[{"embeddable":true,"href":"https:\/\/progresso.site\/lucrocheckout\/wp-json\/wp\/v2\/users\/1"}],"replies":[{"embeddable":true,"href":"https:\/\/progresso.site\/lucrocheckout\/wp-json\/wp\/v2\/comments?post=207"}],"version-history":[{"count":19,"href":"https:\/\/progresso.site\/lucrocheckout\/wp-json\/wp\/v2\/pages\/207\/revisions"}],"predecessor-version":[{"id":345,"href":"https:\/\/progresso.site\/lucrocheckout\/wp-json\/wp\/v2\/pages\/207\/revisions\/345"}],"wp:attachment":[{"href":"https:\/\/progresso.site\/lucrocheckout\/wp-json\/wp\/v2\/media?parent=207"}],"curies":[{"name":"wp","href":"https:\/\/api.w.org\/{rel}","templated":true}]}}